{"id":1529,"date":"2022-11-25T16:09:03","date_gmt":"2022-11-25T16:09:03","guid":{"rendered":"https:\/\/diabmom.com\/?post_type=product&#038;p=1529"},"modified":"2023-03-05T23:19:19","modified_gmt":"2023-03-05T23:19:19","slug":"bawelniana-torba-z-logo","status":"publish","type":"product","link":"https:\/\/diabmom.com\/en\/product\/bawelniana-torba-z-logo\/","title":{"rendered":"Bawe\u0142niana torba z logo"},"content":{"rendered":"<div dir=\"auto\">Ekologiczna torba wykonana z naturalnej bawe\u0142ny o gramaturze ok. 140 g\/m2 i wymiarach 38 x 42 cm w kolorze jasnego be\u017cu (kolor naturalna bawe\u0142na). Na jednej ze stron umieszczony nadruk z logo diab MOM w kolorze pastelowego r\u00f3\u017cu i b\u0142\u0119kitu.<\/div>\n<div dir=\"auto\">D\u0142ugie uchwyty zapewniaj\u0105 swobodne noszenie torby na ramieniu. Mo\u017cesz zabra\u0107 j\u0105 do sklepu, na spacer, koncert, do lekarza. Mo\u017cesz r\u00f3wnie\u017c u\u017cywa\u0107 jej jako alternatyw\u0119 codziennej torebki.<\/div>","protected":false},"excerpt":{"rendered":"<div dir=\"auto\">Ekologiczna torba wykonana z naturalnej bawe\u0142ny o gramaturze ok. 140 g\/m2 i wymiarach 38 x 42 cm w kolorze jasnego be\u017cu (kolor naturalna bawe\u0142na). Na jednej ze stron umieszczony nadruk z logo diab MOM w kolorze pastelowego r\u00f3\u017cu i b\u0142\u0119kitu.<\/div>\n<div dir=\"auto\">D\u0142ugie uchwyty zapewniaj\u0105 swobodne noszenie torby na ramieniu. Mo\u017cesz zabra\u0107 j\u0105 do sklepu, na spacer, koncert, do lekarza. Mo\u017cesz r\u00f3wnie\u017c u\u017cywa\u0107 jej jako alternatyw\u0119 codziennej torebki.<\/div>","protected":false},"featured_media":1639,"comment_status":"open","ping_status":"closed","template":"","meta":{"inline_featured_image":false},"product_cat":[35,36],"product_tag":[],"class_list":["post-1529","product","type-product","status-publish","has-post-thumbnail","hentry","product_cat-akcesoria","product_cat-torba"],"acf":[],"_links":{"self":[{"href":"https:\/\/diabmom.com\/en\/wp-json\/wp\/v2\/product\/1529","targetHints":{"allow":["GET"]}}],"collection":[{"href":"https:\/\/diabmom.com\/en\/wp-json\/wp\/v2\/product"}],"about":[{"href":"https:\/\/diabmom.com\/en\/wp-json\/wp\/v2\/types\/product"}],"replies":[{"embeddable":true,"href":"https:\/\/diabmom.com\/en\/wp-json\/wp\/v2\/comments?post=1529"}],"wp:featuredmedia":[{"embeddable":true,"href":"https:\/\/diabmom.com\/en\/wp-json\/wp\/v2\/media\/1639"}],"wp:attachment":[{"href":"https:\/\/diabmom.com\/en\/wp-json\/wp\/v2\/media?parent=1529"}],"wp:term":[{"taxonomy":"product_cat","embeddable":true,"href":"https:\/\/diabmom.com\/en\/wp-json\/wp\/v2\/product_cat?post=1529"},{"taxonomy":"product_tag","embeddable":true,"href":"https:\/\/diabmom.com\/en\/wp-json\/wp\/v2\/product_tag?post=1529"}],"curies":[{"name":"wp","href":"https:\/\/api.w.org\/{rel}","templated":true}]}}