{"id":1200,"date":"2022-11-08T22:27:50","date_gmt":"2022-11-08T22:27:50","guid":{"rendered":"https:\/\/diabmom.com\/?post_type=product&#038;p=1200"},"modified":"2023-03-13T00:33:35","modified_gmt":"2023-03-13T00:33:35","slug":"sukienka-candy-oversizowa-sukienka-z-logo-na-rekawie","status":"publish","type":"product","link":"https:\/\/diabmom.com\/en\/product\/sukienka-candy-oversizowa-sukienka-z-logo-na-rekawie\/","title":{"rendered":"CANDY sukienka z logo na r\u0119kawie"},"content":{"rendered":"<p>Oversizowa sukienka z logo na r\u0119kawie<\/p>\n<p><strong>OPIS<\/strong><\/p>\n<p>Sukienka o oversizowym kroju zaprojektowana w taki spos\u00f3b, aby pi\u0119knie podkre\u015bla\u0107 ci\u0105\u017cowy brzuszek. Posiada podw\u00f3jny odpowiednio wyprofilowany kaptur. Przy bocznych szwach sukienka posiada kieszenie, w kt\u00f3rych na wewn\u0119trznych g\u00f3rnych kraw\u0119dziach znajduj\u0105 si\u0119 odej\u015bcia na dreny. R\u0119kawy i d\u00f3\u0142 sukienki zako\u0144czone s\u0105 pr\u0105\u017ckowanym \u015bci\u0105gaczem. Z przodu po obu stronach znajduj\u0105 si\u0119 otwierane od do\u0142u zapewniaj\u0105ce dyskrecj\u0119 kryte suwaki, kt\u00f3re nie tylko prowadz\u0105 do ukrytych kieszonek, ale umo\u017cliwiaj\u0105 wygodne karmienie piersi\u0105. Sukienka posiada niewielkie, wypuk\u0142e, haftowane logo na prawym r\u0119kawie.<\/p>\n<p>To niezwykle funkcjonalna i komfortowa cz\u0119\u015b\u0107 kobiecej garderoby, kt\u00f3ra idealnie sprawdzi si\u0119 zar\u00f3wno do eleganckich jak i casualowych stylizacji. Dost\u0119pna w dw\u00f3ch wersjach kolorystycznych: latte i rosa.<\/p>\n<p>Prawdziwy klasyk, kt\u00f3rego nie mo\u017ce zabrakn\u0105\u0107 w Twojej szafie, poniewa\u017c w ukryte kieszonki zapakujesz wszystko to, co ka\u017cda kobieta, mama czy diabetyczka powinna mie\u0107 przy sobie.<\/p>\n<p>Sukienka wyprodukowana w Polsce.<\/p>\n<p>Modelka na zdj\u0119ciu ma 160 cm wzrostu i rozmiar XS\/S.<\/p>","protected":false},"excerpt":{"rendered":"<p>Oversizowa sukienka z logo na r\u0119kawie<\/p>\n<p><strong>OPIS<\/strong><\/p>\n<p>Sukienka o oversizowym kroju zaprojektowana w taki spos\u00f3b, aby pi\u0119knie podkre\u015bla\u0107 ci\u0105\u017cowy brzuszek. Posiada podw\u00f3jny odpowiednio wyprofilowany kaptur. Przy bocznych szwach sukienka posiada kieszenie, w kt\u00f3rych na wewn\u0119trznych g\u00f3rnych kraw\u0119dziach znajduj\u0105 si\u0119 odej\u015bcia na dreny. R\u0119kawy i d\u00f3\u0142 sukienki zako\u0144czone s\u0105 pr\u0105\u017ckowanym \u015bci\u0105gaczem. Z przodu po obu stronach znajduj\u0105 si\u0119 otwierane od do\u0142u zapewniaj\u0105ce dyskrecj\u0119 kryte suwaki, kt\u00f3re nie tylko prowadz\u0105 do ukrytych kieszonek, ale umo\u017cliwiaj\u0105 wygodne karmienie piersi\u0105. Sukienka posiada niewielkie, wypuk\u0142e, haftowane logo na prawym r\u0119kawie.<\/p>\n<p>To niezwykle funkcjonalna i komfortowa cz\u0119\u015b\u0107 kobiecej garderoby, kt\u00f3ra idealnie sprawdzi si\u0119 zar\u00f3wno do eleganckich jak i casualowych stylizacji. Dost\u0119pna w dw\u00f3ch wersjach kolorystycznych: latte i rosa.<\/p>\n<p>Prawdziwy klasyk, kt\u00f3rego nie mo\u017ce zabrakn\u0105\u0107 w Twojej szafie, poniewa\u017c w ukryte kieszonki zapakujesz wszystko to, co ka\u017cda kobieta, mama czy diabetyczka powinna mie\u0107 przy sobie.<\/p>\n<p>Sukienka wyprodukowana w Polsce.<\/p>\n<p>Modelka na zdj\u0119ciu ma 160 cm wzrostu i rozmiar XS\/S.<\/p>","protected":false},"featured_media":1616,"comment_status":"open","ping_status":"closed","template":"","meta":{"inline_featured_image":false},"product_cat":[34,23],"product_tag":[],"class_list":["post-1200","product","type-product","status-publish","has-post-thumbnail","hentry","product_cat-sukienki","product_cat-ubrania"],"acf":[],"_links":{"self":[{"href":"https:\/\/diabmom.com\/en\/wp-json\/wp\/v2\/product\/1200","targetHints":{"allow":["GET"]}}],"collection":[{"href":"https:\/\/diabmom.com\/en\/wp-json\/wp\/v2\/product"}],"about":[{"href":"https:\/\/diabmom.com\/en\/wp-json\/wp\/v2\/types\/product"}],"replies":[{"embeddable":true,"href":"https:\/\/diabmom.com\/en\/wp-json\/wp\/v2\/comments?post=1200"}],"wp:featuredmedia":[{"embeddable":true,"href":"https:\/\/diabmom.com\/en\/wp-json\/wp\/v2\/media\/1616"}],"wp:attachment":[{"href":"https:\/\/diabmom.com\/en\/wp-json\/wp\/v2\/media?parent=1200"}],"wp:term":[{"taxonomy":"product_cat","embeddable":true,"href":"https:\/\/diabmom.com\/en\/wp-json\/wp\/v2\/product_cat?post=1200"},{"taxonomy":"product_tag","embeddable":true,"href":"https:\/\/diabmom.com\/en\/wp-json\/wp\/v2\/product_tag?post=1200"}],"curies":[{"name":"wp","href":"https:\/\/api.w.org\/{rel}","templated":true}]}}