{"id":1173,"date":"2022-11-08T22:17:25","date_gmt":"2022-11-08T22:17:25","guid":{"rendered":"https:\/\/diabmom.com\/?post_type=product&#038;p=1173"},"modified":"2023-03-05T23:08:02","modified_gmt":"2023-03-05T23:08:02","slug":"kolarki-sweete-prazkowane-kolarki-z-podwyzszonym-stanem","status":"publish","type":"product","link":"https:\/\/diabmom.com\/en\/product\/kolarki-sweete-prazkowane-kolarki-z-podwyzszonym-stanem\/","title":{"rendered":"SWEETE kolarki w pr\u0105\u017cek"},"content":{"rendered":"<p>Pr\u0105\u017ckowane kolarki z podwy\u017cszonym stanem<\/p>\n<p><strong>OPIS<\/strong><\/p>\n<p>Pr\u0105\u017ckowane kolarki posiadaj\u0105 wy\u017cszy stan, zako\u0144czony elastycznym \u015bci\u0105gaczem u g\u00f3ry, dzi\u0119ki temu mog\u0105 rosn\u0105\u0107 razem z ci\u0105\u017cowym brzuszkiem. Z lewej strony od wewn\u0105trz znajduje si\u0119 ukryta kieszonka, m. in. na pomp\u0119 insulinow\u0105. D\u00f3\u0142 prawej nogawki zdobi dyskretne, haftowane logo. Dzi\u0119ki swojej strukturze nie powoduj\u0105 nadmiernego opinania, nie ograniczaj\u0105 ruch\u00f3w i nie prze\u015bwituj\u0105. Cudownie komponuj\u0105 si\u0119 z Bluz\u0105 GOODY. Dost\u0119pne s\u0105 w dw\u00f3ch kolorach: latte i rosa.<\/p>\n<p>Legginsy wyprodukowane w Polsce.<\/p>\n<p>Modelka ma 160 cm wzrostu i ma na sobie rozmiar S.<\/p>","protected":false},"excerpt":{"rendered":"<p>Pr\u0105\u017ckowane kolarki z podwy\u017cszonym stanem<\/p>\n<p><strong>OPIS<\/strong><\/p>\n<p>Pr\u0105\u017ckowane kolarki posiadaj\u0105 wy\u017cszy stan, zako\u0144czony elastycznym \u015bci\u0105gaczem u g\u00f3ry, dzi\u0119ki temu mog\u0105 rosn\u0105\u0107 razem z ci\u0105\u017cowym brzuszkiem. Z lewej strony od wewn\u0105trz znajduje si\u0119 ukryta kieszonka, m. in. na pomp\u0119 insulinow\u0105. D\u00f3\u0142 prawej nogawki zdobi dyskretne, haftowane logo. Dzi\u0119ki swojej strukturze nie powoduj\u0105 nadmiernego opinania, nie ograniczaj\u0105 ruch\u00f3w i nie prze\u015bwituj\u0105. Cudownie komponuj\u0105 si\u0119 z Bluz\u0105 GOODY. Dost\u0119pne s\u0105 w dw\u00f3ch kolorach: latte i rosa.<\/p>\n<p>Legginsy wyprodukowane w Polsce.<\/p>\n<p>Modelka ma 160 cm wzrostu i ma na sobie rozmiar S.<\/p>","protected":false},"featured_media":1635,"comment_status":"open","ping_status":"closed","template":"","meta":{"inline_featured_image":false},"product_cat":[33,23],"product_tag":[],"class_list":["post-1173","product","type-product","status-publish","has-post-thumbnail","hentry","product_cat-spodnie","product_cat-ubrania"],"acf":[],"_links":{"self":[{"href":"https:\/\/diabmom.com\/en\/wp-json\/wp\/v2\/product\/1173","targetHints":{"allow":["GET"]}}],"collection":[{"href":"https:\/\/diabmom.com\/en\/wp-json\/wp\/v2\/product"}],"about":[{"href":"https:\/\/diabmom.com\/en\/wp-json\/wp\/v2\/types\/product"}],"replies":[{"embeddable":true,"href":"https:\/\/diabmom.com\/en\/wp-json\/wp\/v2\/comments?post=1173"}],"wp:featuredmedia":[{"embeddable":true,"href":"https:\/\/diabmom.com\/en\/wp-json\/wp\/v2\/media\/1635"}],"wp:attachment":[{"href":"https:\/\/diabmom.com\/en\/wp-json\/wp\/v2\/media?parent=1173"}],"wp:term":[{"taxonomy":"product_cat","embeddable":true,"href":"https:\/\/diabmom.com\/en\/wp-json\/wp\/v2\/product_cat?post=1173"},{"taxonomy":"product_tag","embeddable":true,"href":"https:\/\/diabmom.com\/en\/wp-json\/wp\/v2\/product_tag?post=1173"}],"curies":[{"name":"wp","href":"https:\/\/api.w.org\/{rel}","templated":true}]}}