{"id":1158,"date":"2022-11-08T20:22:03","date_gmt":"2022-11-08T20:22:03","guid":{"rendered":"https:\/\/diabmom.com\/?post_type=product&#038;p=1158"},"modified":"2023-03-13T00:33:35","modified_gmt":"2023-03-13T00:33:35","slug":"spodnie-goody-dopasowane-spodnie-z-podwyzszonym-stanem","status":"publish","type":"product","link":"https:\/\/diabmom.com\/en\/product\/spodnie-goody-dopasowane-spodnie-z-podwyzszonym-stanem\/","title":{"rendered":"GOODY dopasowane spodnie z podwy\u017cszonym stanem"},"content":{"rendered":"<p>Dopasowane spodnie z podwy\u017cszonym stanem<\/p>\n<p><strong>OPIS<\/strong><\/p>\n<p>Spodnie dresowe o lekko dopasowanym kroju z w\u0105skimi nogawkami zako\u0144czonymi pr\u0105\u017ckowanym \u015bci\u0105gaczem. Podwy\u017cszony pr\u0105\u017ckowany \u015bci\u0105gacz w talii wzbogacony w delikatn\u0105 gum\u0119 oraz wyst\u0119puj\u0105ce po obu stronach ukryte kieszonki, m. in. na pomp\u0119 insulinow\u0105, zmie\u015bci ka\u017cdy, nawet ci\u0105\u017cowy brzuszek. Dla wi\u0119kszego komfortu wyposa\u017cone s\u0105 w wykonany z tej samej dzianiny sznurek do przewi\u0105zania w talii. Przy bocznych szwach spodnie posiadaj\u0105 kieszenie, w kt\u00f3rych na wewn\u0119trznych g\u00f3rnych kraw\u0119dziach znajduj\u0105 si\u0119 odej\u015bcia na dreny. Na prawym udzie wyhaftowane jest niewielkie, wypuk\u0142e logo.<\/p>\n<p>Mo\u017cna nosi\u0107 je na wysoki stan lub w stylu boyfriend, dzi\u0119ki temu dostosujesz d\u0142ugo\u015b\u0107 nogawek do swoich preferencji. Idealnie komponuj\u0105 si\u0119 z Bluz\u0105 GOODY i obuwiem sportowym, jak r\u00f3wnie\u017c w nieco bardziej eleganckich stylizacjach z t-shirtem, marynark\u0105 i szpilkami. Dost\u0119pne s\u0105 w dw\u00f3ch kolorach: latte i rosa.<\/p>\n<p>Spodnie wyprodukowane w Polsce.<\/p>\n<p>Modelka ma 160 cm wzrostu i ma na sobie rozmiar XS\/S.<\/p>","protected":false},"excerpt":{"rendered":"<p>Dopasowane spodnie z podwy\u017cszonym stanem<\/p>\n<p><strong>OPIS<\/strong><\/p>\n<p>Spodnie dresowe o lekko dopasowanym kroju z w\u0105skimi nogawkami zako\u0144czonymi pr\u0105\u017ckowanym \u015bci\u0105gaczem. Podwy\u017cszony pr\u0105\u017ckowany \u015bci\u0105gacz w talii wzbogacony w delikatn\u0105 gum\u0119 oraz wyst\u0119puj\u0105ce po obu stronach ukryte kieszonki, m. in. na pomp\u0119 insulinow\u0105, zmie\u015bci ka\u017cdy, nawet ci\u0105\u017cowy brzuszek. Dla wi\u0119kszego komfortu wyposa\u017cone s\u0105 w wykonany z tej samej dzianiny sznurek do przewi\u0105zania w talii. Przy bocznych szwach spodnie posiadaj\u0105 kieszenie, w kt\u00f3rych na wewn\u0119trznych g\u00f3rnych kraw\u0119dziach znajduj\u0105 si\u0119 odej\u015bcia na dreny. Na prawym udzie wyhaftowane jest niewielkie, wypuk\u0142e logo.<\/p>\n<p>Mo\u017cna nosi\u0107 je na wysoki stan lub w stylu boyfriend, dzi\u0119ki temu dostosujesz d\u0142ugo\u015b\u0107 nogawek do swoich preferencji. Idealnie komponuj\u0105 si\u0119 z Bluz\u0105 GOODY i obuwiem sportowym, jak r\u00f3wnie\u017c w nieco bardziej eleganckich stylizacjach z t-shirtem, marynark\u0105 i szpilkami. Dost\u0119pne s\u0105 w dw\u00f3ch kolorach: latte i rosa.<\/p>\n<p>Spodnie wyprodukowane w Polsce.<\/p>\n<p>Modelka ma 160 cm wzrostu i ma na sobie rozmiar XS\/S.<\/p>","protected":false},"featured_media":1633,"comment_status":"open","ping_status":"closed","template":"","meta":{"inline_featured_image":false},"product_cat":[33,23],"product_tag":[],"class_list":["post-1158","product","type-product","status-publish","has-post-thumbnail","hentry","product_cat-spodnie","product_cat-ubrania"],"acf":[],"_links":{"self":[{"href":"https:\/\/diabmom.com\/en\/wp-json\/wp\/v2\/product\/1158","targetHints":{"allow":["GET"]}}],"collection":[{"href":"https:\/\/diabmom.com\/en\/wp-json\/wp\/v2\/product"}],"about":[{"href":"https:\/\/diabmom.com\/en\/wp-json\/wp\/v2\/types\/product"}],"replies":[{"embeddable":true,"href":"https:\/\/diabmom.com\/en\/wp-json\/wp\/v2\/comments?post=1158"}],"wp:featuredmedia":[{"embeddable":true,"href":"https:\/\/diabmom.com\/en\/wp-json\/wp\/v2\/media\/1633"}],"wp:attachment":[{"href":"https:\/\/diabmom.com\/en\/wp-json\/wp\/v2\/media?parent=1158"}],"wp:term":[{"taxonomy":"product_cat","embeddable":true,"href":"https:\/\/diabmom.com\/en\/wp-json\/wp\/v2\/product_cat?post=1158"},{"taxonomy":"product_tag","embeddable":true,"href":"https:\/\/diabmom.com\/en\/wp-json\/wp\/v2\/product_tag?post=1158"}],"curies":[{"name":"wp","href":"https:\/\/api.w.org\/{rel}","templated":true}]}}