{"id":1155,"date":"2022-11-08T18:33:18","date_gmt":"2022-11-08T18:33:18","guid":{"rendered":"https:\/\/diabmom.com\/?post_type=product&#038;p=1155"},"modified":"2023-03-13T00:33:35","modified_gmt":"2023-03-13T00:33:35","slug":"bluza-goody","status":"publish","type":"product","link":"https:\/\/diabmom.com\/en\/product\/bluza-goody\/","title":{"rendered":"GOODY oversizowa bluza z logo na klatce piersiowej"},"content":{"rendered":"<p>Oversizowa bluza z logo na klatce piersiowej<\/p>\n<p><strong>OPIS<\/strong><\/p>\n<p>Bluza o oversizowym kroju zaprojektowana tak, by zmie\u015bci\u0107 tak\u017ce ci\u0105\u017cowy brzuszek. Posiada podw\u00f3jny odpowiednio wyprofilowany kaptur, kiesze\u0144 typu kangur, pod kt\u00f3r\u0105 ukryta jest elastyczna kieszonka z odej\u015bciem na dren, m.in. na pomp\u0119 insulinow\u0105. R\u0119kawy i d\u00f3\u0142 bluzy zako\u0144czone s\u0105 pr\u0105\u017ckowanym \u015bci\u0105gaczem. Z przodu po obu stronach znajduj\u0105 si\u0119 otwierane od do\u0142u zapewniaj\u0105ce dyskrecj\u0119 kryte suwaki, kt\u00f3re nie tylko prowadz\u0105 do ukrytych kieszonek, ale umo\u017cliwiaj\u0105 wygodne karmienie piersi\u0105. Bluza posiada du\u017ce, wypuk\u0142e, haftowane logo na klatce piersiowej.<\/p>\n<p>To niezwykle funkcjonalna i komfortowa cz\u0119\u015b\u0107 kobiecej garderoby, kt\u00f3ra idealnie sprawdzi si\u0119 zar\u00f3wno do eleganckich jak i casualowych stylizacji. Dost\u0119pna w dw\u00f3ch wersjach kolorystycznych: latte i rosa.<\/p>\n<p>Ze Spodniami GOODY tworzy idealny monochromatyczny set.<\/p>\n<p>Prawdziwy klasyk, kt\u00f3rego nie mo\u017ce zabrakn\u0105\u0107 w Twojej szafie, poniewa\u017c w ukryte kieszonki zapakujesz wszystko to, co ka\u017cda kobieta, mama czy diabetyczka powinna mie\u0107 przy sobie.<\/p>\n<p>Bluza wyprodukowana w Polsce.<\/p>\n<p>Modelka na zdj\u0119ciu ma 160 cm wzrostu i rozmiar XS\/S.<\/p>","protected":false},"excerpt":{"rendered":"<p>Oversizowa bluza z logo na klatce piersiowej<\/p>\n<p><strong>OPIS<\/strong><\/p>\n<p>Bluza o oversizowym kroju zaprojektowana tak, by zmie\u015bci\u0107 tak\u017ce ci\u0105\u017cowy brzuszek. Posiada podw\u00f3jny odpowiednio wyprofilowany kaptur, kiesze\u0144 typu kangur, pod kt\u00f3r\u0105 ukryta jest elastyczna kieszonka z odej\u015bciem na dren, m.in. na pomp\u0119 insulinow\u0105. R\u0119kawy i d\u00f3\u0142 bluzy zako\u0144czone s\u0105 pr\u0105\u017ckowanym \u015bci\u0105gaczem. Z przodu po obu stronach znajduj\u0105 si\u0119 otwierane od do\u0142u zapewniaj\u0105ce dyskrecj\u0119 kryte suwaki, kt\u00f3re nie tylko prowadz\u0105 do ukrytych kieszonek, ale umo\u017cliwiaj\u0105 wygodne karmienie piersi\u0105. Bluza posiada du\u017ce, wypuk\u0142e, haftowane logo na klatce piersiowej.<\/p>\n<p>To niezwykle funkcjonalna i komfortowa cz\u0119\u015b\u0107 kobiecej garderoby, kt\u00f3ra idealnie sprawdzi si\u0119 zar\u00f3wno do eleganckich jak i casualowych stylizacji. Dost\u0119pna w dw\u00f3ch wersjach kolorystycznych: latte i rosa.<\/p>\n<p>Ze Spodniami GOODY tworzy idealny monochromatyczny set.<\/p>\n<p>Prawdziwy klasyk, kt\u00f3rego nie mo\u017ce zabrakn\u0105\u0107 w Twojej szafie, poniewa\u017c w ukryte kieszonki zapakujesz wszystko to, co ka\u017cda kobieta, mama czy diabetyczka powinna mie\u0107 przy sobie.<\/p>\n<p>Bluza wyprodukowana w Polsce.<\/p>\n<p>Modelka na zdj\u0119ciu ma 160 cm wzrostu i rozmiar XS\/S.<\/p>","protected":false},"featured_media":1634,"comment_status":"open","ping_status":"closed","template":"","meta":{"inline_featured_image":false},"product_cat":[24,23],"product_tag":[],"class_list":["post-1155","product","type-product","status-publish","has-post-thumbnail","hentry","product_cat-bluzy","product_cat-ubrania"],"acf":[],"_links":{"self":[{"href":"https:\/\/diabmom.com\/en\/wp-json\/wp\/v2\/product\/1155","targetHints":{"allow":["GET"]}}],"collection":[{"href":"https:\/\/diabmom.com\/en\/wp-json\/wp\/v2\/product"}],"about":[{"href":"https:\/\/diabmom.com\/en\/wp-json\/wp\/v2\/types\/product"}],"replies":[{"embeddable":true,"href":"https:\/\/diabmom.com\/en\/wp-json\/wp\/v2\/comments?post=1155"}],"wp:featuredmedia":[{"embeddable":true,"href":"https:\/\/diabmom.com\/en\/wp-json\/wp\/v2\/media\/1634"}],"wp:attachment":[{"href":"https:\/\/diabmom.com\/en\/wp-json\/wp\/v2\/media?parent=1155"}],"wp:term":[{"taxonomy":"product_cat","embeddable":true,"href":"https:\/\/diabmom.com\/en\/wp-json\/wp\/v2\/product_cat?post=1155"},{"taxonomy":"product_tag","embeddable":true,"href":"https:\/\/diabmom.com\/en\/wp-json\/wp\/v2\/product_tag?post=1155"}],"curies":[{"name":"wp","href":"https:\/\/api.w.org\/{rel}","templated":true}]}}