{"id":62,"date":"2022-09-14T17:00:32","date_gmt":"2022-09-14T17:00:32","guid":{"rendered":"https:\/\/diabmom.com\/?page_id=62"},"modified":"2023-03-02T19:41:50","modified_gmt":"2023-03-02T19:41:50","slug":"rejestracja","status":"publish","type":"page","link":"https:\/\/diabmom.com\/en\/rejestracja\/","title":{"rendered":"Rejestracja"},"content":{"rendered":"<div data-elementor-type=\"wp-page\" data-elementor-id=\"62\" class=\"elementor elementor-62\">\n\t\t\t\t\t\t\t\t\t<section class=\"elementor-section elementor-top-section elementor-element elementor-element-81f053d elementor-section-boxed elementor-section-height-default elementor-section-height-default\" data-id=\"81f053d\" data-element_type=\"section\">\n\t\t\t\t\t\t<div class=\"elementor-container elementor-column-gap-default\">\n\t\t\t\t\t<div class=\"elementor-column elementor-col-50 elementor-top-column elementor-element elementor-element-9c98f46\" data-id=\"9c98f46\" data-element_type=\"column\">\n\t\t\t<div class=\"elementor-widget-wrap elementor-element-populated\">\n\t\t\t\t\t\t\t\t<div class=\"elementor-element elementor-element-8fbb0e6 elementor-widget elementor-widget-heading\" data-id=\"8fbb0e6\" data-element_type=\"widget\" data-widget_type=\"heading.default\">\n\t\t\t\t<div class=\"elementor-widget-container\">\n\t\t\t<style>\/*! elementor - v3.15.0 - 20-08-2023 *\/\n.elementor-heading-title{padding:0;margin:0;line-height:1}.elementor-widget-heading .elementor-heading-title[class*=elementor-size-]>a{color:inherit;font-size:inherit;line-height:inherit}.elementor-widget-heading .elementor-heading-title.elementor-size-small{font-size:15px}.elementor-widget-heading .elementor-heading-title.elementor-size-medium{font-size:19px}.elementor-widget-heading .elementor-heading-title.elementor-size-large{font-size:29px}.elementor-widget-heading .elementor-heading-title.elementor-size-xl{font-size:39px}.elementor-widget-heading .elementor-heading-title.elementor-size-xxl{font-size:59px}<\/style><h2 class=\"elementor-heading-title elementor-size-default\">Rejestracja<\/h2>\t\t<\/div>\n\t\t\t\t<\/div>\n\t\t\t\t<div class=\"elementor-element elementor-element-e76c580 elementor-widget elementor-widget-jet-form-builder-form\" data-id=\"e76c580\" data-element_type=\"widget\" data-widget_type=\"jet-form-builder-form.default\">\n\t\t\t\t<div class=\"elementor-widget-container\">\n\t\t\t<style id=\"jet-form-builder-705-inline-css\"><\/style><form class=\"jet-form-builder layout-column submit-type-reload\" action=\"https:\/\/diabmom.com\/en\/wp-json\/wp\/v2\/pages\/62\/?jet_form_builder_submit=submit&#038;method=reload\" method=\"POST\" data-form-id=\"705\" data-layout=\"column\" enctype=\"multipart\/form-data\" novalidate=\"\" data-trp-original-action=\"https:\/\/diabmom.com\/en\/wp-json\/wp\/v2\/pages\/62\/?jet_form_builder_submit=submit&amp;method=reload\">\r\n<input type=\"hidden\" id=\"_wpnonce\" name=\"_wpnonce\" value=\"928864b85f\" \/><input type=\"hidden\" name=\"_wp_http_referer\" value=\"\/en\/wp-json\/wp\/v2\/pages\/62\" \/>\r\n<input type=\"hidden\" name=\"_jfb_current_render_states[]\" value=\"DEFAULT.STATE\" data-jfb-sync \/><input type=\"hidden\" class=\"jet-form-builder__field hidden-field\" name=\"_jet_engine_booking_form_id\" data-field-name=\"_jet_engine_booking_form_id\" value=\"705\">\r\n<input type=\"hidden\" class=\"jet-form-builder__field hidden-field\" name=\"_jet_engine_refer\" data-field-name=\"_jet_engine_refer\" value=\"https:\/\/diabmom.com\/en\/wp-json\/wp\/v2\/pages\/62\">\r\n<input type=\"hidden\" class=\"jet-form-builder__field hidden-field\" name=\"__queried_post_id\" data-field-name=\"__queried_post_id\" value=\"62\">\r\n\n<input type=\"hidden\" class=\"jet-form-builder__field hidden-field\" name=\"post_id\" data-field-name=\"post_id\" data-jfb-sync=\"\" value=\"62\">\r\n\n\n\n<div class=\"jet-form-builder-row field-type-text-field\">\r\n\n<div class=\"jet-form-builder__label\">\r\n<div class=\"jet-form-builder__label-text\">Nazwa u\u017cytkownika <span class=\"jet-form-builder__required\">*<\/span><\/div><\/div><div class=\"jet-form-builder__field-wrap\">\r\n    <input placeholder=\"Wpisz swoj\u0105 nazw\u0119 u\u017cytkownika\" required=\"required\" name=\"_nazwa_uzytkownika\" id=\"_nazwa_uzytkownika\" type=\"text\" data-field-name=\"_nazwa_uzytkownika\" class=\"jet-form-builder__field text-field\" data-jfb-sync=\"\">\r\n\t<\/div>\n<\/div>\r\n\n\n<div class=\"jet-form-builder-row field-type-text-field\">\r\n\n<div class=\"jet-form-builder__label\">\r\n<div class=\"jet-form-builder__label-text\">Imi\u0119 <span class=\"jet-form-builder__required\">*<\/span><\/div><\/div><div class=\"jet-form-builder__field-wrap\">\r\n    <input placeholder=\"Wpisz swoje imi\u0119\" required=\"required\" name=\"_imie\" id=\"_imie\" type=\"text\" data-field-name=\"_imie\" class=\"jet-form-builder__field text-field\" data-jfb-sync=\"\">\r\n\t<\/div>\n<\/div>\r\n\n\n<div class=\"jet-form-builder-row field-type-text-field\">\r\n\n<div class=\"jet-form-builder__label\">\r\n<div class=\"jet-form-builder__label-text\">Nazwisko <span class=\"jet-form-builder__required\">*<\/span><\/div><\/div><div class=\"jet-form-builder__field-wrap\">\r\n    <input placeholder=\"Wpisz swoje nazwisko\" required=\"required\" name=\"_nazwisko\" id=\"_nazwisko\" type=\"text\" data-field-name=\"_nazwisko\" class=\"jet-form-builder__field text-field\" data-jfb-sync=\"\">\r\n\t<\/div>\n<\/div>\r\n\n\n<div class=\"jet-form-builder-row field-type-text-field\">\r\n\n<div class=\"jet-form-builder__label\">\r\n<div class=\"jet-form-builder__label-text\">Adres e-mail <span class=\"jet-form-builder__required\">*<\/span><\/div><\/div><div class=\"jet-form-builder__field-wrap\">\r\n    <input placeholder=\"Wpisz sw\u00f3j adres e-mail\" required=\"required\" name=\"_adres_e-mail\" id=\"_adres_e-mail\" type=\"email\" data-field-name=\"_adres_e-mail\" class=\"jet-form-builder__field text-field\" data-jfb-sync=\"\">\r\n\t<\/div>\n<\/div>\r\n\n\n<div class=\"jet-form-builder-row field-type-text-field\">\r\n\n<div class=\"jet-form-builder__label\">\r\n<div class=\"jet-form-builder__label-text\">Has\u0142o <span class=\"jet-form-builder__required\">*<\/span><\/div><\/div><div class=\"jet-form-builder__field-wrap\">\r\n    <input placeholder=\"Wpisz has\u0142o\" required=\"required\" name=\"_haslo\" id=\"_haslo\" type=\"password\" data-field-name=\"_haslo\" class=\"jet-form-builder__field text-field\" minlength=\"8\" data-jfb-sync=\"\">\r\n\t<\/div><div class=\"jet-form-builder__desc\"><small>Min. 8 znak\u00f3w<\/small><\/div>\n<\/div>\r\n\n\n<div class=\"jet-form-builder-row field-type-text-field\">\r\n\n<div class=\"jet-form-builder__label\">\r\n<div class=\"jet-form-builder__label-text\">Powt\u00f3rz has\u0142o <span class=\"jet-form-builder__required\">*<\/span><\/div><\/div><div class=\"jet-form-builder__field-wrap\">\r\n    <input placeholder=\"Wpisz has\u0142o\" required=\"required\" name=\"_haslo_powtorz\" id=\"_haslo_powtorz\" type=\"password\" data-field-name=\"_haslo_powtorz\" class=\"jet-form-builder__field text-field\" minlength=\"8\" data-jfb-sync=\"\">\r\n\t<\/div><div class=\"jet-form-builder__desc\"><small>Min. 8 znak\u00f3w<\/small><\/div>\n<\/div>\r\n\n\n<div class=\"jet-form-builder-row field-type-submit-field\">\r\n\n\t<div data-type=\"submit\" class=\"jet-form-builder__action-button-wrapper jet-form-builder__submit-wrap\">\r\n\t<button class=\"jet-form-builder__action-button jet-form-builder__submit submit-type-reload\" type=\"submit\">Zarejestruj si\u0119<\/button>\r\n\t<\/div>\r\n\t\n<\/div>\r\n\t<div class=\"jet-form-builder-messages-wrap\" data-form-id=\"705\"><\/div>\r\n<input type=\"hidden\" name=\"trp-form-language\" value=\"en\"\/><\/form>\r\n\t\t<\/div>\n\t\t\t\t<\/div>\n\t\t\t\t\t<\/div>\n\t\t<\/div>\n\t\t\t\t<div class=\"elementor-column elementor-col-50 elementor-top-column elementor-element elementor-element-8cdae13\" data-id=\"8cdae13\" data-element_type=\"column\">\n\t\t\t<div class=\"elementor-widget-wrap elementor-element-populated\">\n\t\t\t\t\t\t\t\t<div class=\"elementor-element elementor-element-e7398a5 elementor-widget elementor-widget-heading\" data-id=\"e7398a5\" data-element_type=\"widget\" data-widget_type=\"heading.default\">\n\t\t\t\t<div class=\"elementor-widget-container\">\n\t\t\t<h2 class=\"elementor-heading-title elementor-size-default\">Posiadasz ju\u017c konto?<\/h2>\t\t<\/div>\n\t\t\t\t<\/div>\n\t\t\t\t<div class=\"elementor-element elementor-element-cd850f9 elementor-align-center elementor-widget__width-initial elementor-widget elementor-widget-button\" data-id=\"cd850f9\" data-element_type=\"widget\" data-widget_type=\"button.default\">\n\t\t\t\t<div class=\"elementor-widget-container\">\n\t\t\t\t\t<div class=\"elementor-button-wrapper\">\n\t\t\t<a class=\"elementor-button elementor-button-link elementor-size-sm\" href=\"https:\/\/diabmom.com\/en\/logowanie\/\">\n\t\t\t\t\t\t<span class=\"elementor-button-content-wrapper\">\n\t\t\t\t\t\t<span class=\"elementor-button-text\">zaloguj si\u0119<\/span>\n\t\t<\/span>\n\t\t\t\t\t<\/a>\n\t\t<\/div>\n\t\t\t\t<\/div>\n\t\t\t\t<\/div>\n\t\t\t\t\t<\/div>\n\t\t<\/div>\n\t\t\t\t\t\t\t<\/div>\n\t\t<\/section>\n\t\t\t\t\t\t\t<\/div>","protected":false},"excerpt":{"rendered":"<p>Rejestracja Nazwa u\u017cytkownika * Imi\u0119 * Nazwisko * Adres e-mail * Has\u0142o * Min. 8 znak\u00f3w Powt\u00f3rz has\u0142o * Min. 8 znak\u00f3w Zarejestruj si\u0119 Posiadasz ju\u017c konto? zaloguj si\u0119<\/p>","protected":false},"author":1,"featured_media":0,"parent":0,"menu_order":0,"comment_status":"closed","ping_status":"closed","template":"","meta":{"inline_featured_image":false,"footnotes":""},"class_list":["post-62","page","type-page","status-publish","hentry"],"acf":[],"_links":{"self":[{"href":"https:\/\/diabmom.com\/en\/wp-json\/wp\/v2\/pages\/62","targetHints":{"allow":["GET"]}}],"collection":[{"href":"https:\/\/diabmom.com\/en\/wp-json\/wp\/v2\/pages"}],"about":[{"href":"https:\/\/diabmom.com\/en\/wp-json\/wp\/v2\/types\/page"}],"author":[{"embeddable":true,"href":"https:\/\/diabmom.com\/en\/wp-json\/wp\/v2\/users\/1"}],"replies":[{"embeddable":true,"href":"https:\/\/diabmom.com\/en\/wp-json\/wp\/v2\/comments?post=62"}],"version-history":[{"count":49,"href":"https:\/\/diabmom.com\/en\/wp-json\/wp\/v2\/pages\/62\/revisions"}],"predecessor-version":[{"id":1845,"href":"https:\/\/diabmom.com\/en\/wp-json\/wp\/v2\/pages\/62\/revisions\/1845"}],"wp:attachment":[{"href":"https:\/\/diabmom.com\/en\/wp-json\/wp\/v2\/media?parent=62"}],"curies":[{"name":"wp","href":"https:\/\/api.w.org\/{rel}","templated":true}]}}