{"id":31,"date":"2022-09-14T16:16:56","date_gmt":"2022-09-14T16:16:56","guid":{"rendered":"http:\/\/diabmom.com\/?page_id=31"},"modified":"2023-05-04T13:33:24","modified_gmt":"2023-05-04T13:33:24","slug":"o-mnie","status":"publish","type":"page","link":"https:\/\/diabmom.com\/en\/o-mnie\/","title":{"rendered":"O mnie"},"content":{"rendered":"<div data-elementor-type=\"wp-page\" data-elementor-id=\"31\" class=\"elementor elementor-31\">\n\t\t\t\t\t\t\t\t\t<section class=\"elementor-section elementor-top-section elementor-element elementor-element-4fe417a elementor-section-boxed elementor-section-height-default elementor-section-height-default\" data-id=\"4fe417a\" data-element_type=\"section\">\n\t\t\t\t\t\t<div class=\"elementor-container elementor-column-gap-default\">\n\t\t\t\t\t<div class=\"elementor-column elementor-col-50 elementor-top-column elementor-element elementor-element-61fd2ef\" data-id=\"61fd2ef\" data-element_type=\"column\">\n\t\t\t<div class=\"elementor-widget-wrap elementor-element-populated\">\n\t\t\t\t\t\t\t\t<div class=\"elementor-element elementor-element-0d63906 elementor-widget elementor-widget-image\" data-id=\"0d63906\" data-element_type=\"widget\" data-widget_type=\"image.default\">\n\t\t\t\t<div class=\"elementor-widget-container\">\n\t\t\t<style>\/*! elementor - v3.15.0 - 20-08-2023 *\/\n.elementor-widget-image{text-align:center}.elementor-widget-image a{display:inline-block}.elementor-widget-image a img[src$=\".svg\"]{width:48px}.elementor-widget-image img{vertical-align:middle;display:inline-block}<\/style>\t\t\t\t\t\t\t\t\t\t\t\t<img loading=\"lazy\" decoding=\"async\" width=\"100\" height=\"100\" src=\"https:\/\/diabmom.com\/wp-content\/uploads\/2022\/09\/Diab-Mom-logo-kolorowe-raster-highres-100x100.png\" class=\"attachment-variation_swatches_tooltip_size size-variation_swatches_tooltip_size wp-image-1135\" alt=\"\" srcset=\"https:\/\/diabmom.com\/wp-content\/uploads\/2022\/09\/Diab-Mom-logo-kolorowe-raster-highres-100x100.png 100w, https:\/\/diabmom.com\/wp-content\/uploads\/2022\/09\/Diab-Mom-logo-kolorowe-raster-highres-150x150.png 150w, https:\/\/diabmom.com\/wp-content\/uploads\/2022\/09\/Diab-Mom-logo-kolorowe-raster-highres-300x300.png 300w, https:\/\/diabmom.com\/wp-content\/uploads\/2022\/09\/Diab-Mom-logo-kolorowe-raster-highres-50x50.png 50w\" sizes=\"auto, (max-width: 100px) 100vw, 100px\" \/>\t\t\t\t\t\t\t\t\t\t\t\t\t\t\t<\/div>\n\t\t\t\t<\/div>\n\t\t\t\t<div class=\"elementor-element elementor-element-fa3742d elementor-widget elementor-widget-heading\" data-id=\"fa3742d\" data-element_type=\"widget\" data-widget_type=\"heading.default\">\n\t\t\t\t<div class=\"elementor-widget-container\">\n\t\t\t<style>\/*! elementor - v3.15.0 - 20-08-2023 *\/\n.elementor-heading-title{padding:0;margin:0;line-height:1}.elementor-widget-heading .elementor-heading-title[class*=elementor-size-]>a{color:inherit;font-size:inherit;line-height:inherit}.elementor-widget-heading .elementor-heading-title.elementor-size-small{font-size:15px}.elementor-widget-heading .elementor-heading-title.elementor-size-medium{font-size:19px}.elementor-widget-heading .elementor-heading-title.elementor-size-large{font-size:29px}.elementor-widget-heading .elementor-heading-title.elementor-size-xl{font-size:39px}.elementor-widget-heading .elementor-heading-title.elementor-size-xxl{font-size:59px}<\/style><h2 class=\"elementor-heading-title elementor-size-default\">O mnie<\/h2>\t\t<\/div>\n\t\t\t\t<\/div>\n\t\t\t\t<div class=\"elementor-element elementor-element-bc03050 elementor-widget elementor-widget-text-editor\" data-id=\"bc03050\" data-element_type=\"widget\" data-widget_type=\"text-editor.default\">\n\t\t\t\t<div class=\"elementor-widget-container\">\n\t\t\t<style>\/*! elementor - v3.15.0 - 20-08-2023 *\/\n.elementor-widget-text-editor.elementor-drop-cap-view-stacked .elementor-drop-cap{background-color:#69727d;color:#fff}.elementor-widget-text-editor.elementor-drop-cap-view-framed .elementor-drop-cap{color:#69727d;border:3px solid;background-color:transparent}.elementor-widget-text-editor:not(.elementor-drop-cap-view-default) .elementor-drop-cap{margin-top:8px}.elementor-widget-text-editor:not(.elementor-drop-cap-view-default) .elementor-drop-cap-letter{width:1em;height:1em}.elementor-widget-text-editor .elementor-drop-cap{float:left;text-align:center;line-height:1;font-size:50px}.elementor-widget-text-editor .elementor-drop-cap-letter{display:inline-block}<\/style>\t\t\t\t<p>Nazywam si\u0119 Anna Jastrz\u0119bska. Na co dzie\u0144 jestem aktywn\u0105 zawodowo \u017con\u0105 i mam\u0105.<\/p><p>Od grudnia 1998 roku w moim \u017cyciu obecna jest cukrzyca typu 1, autoimmunologiczna przewlek\u0142a choroba, kt\u00f3ra charakteryzuje si\u0119 konieczno\u015bci\u0105 mierzenia poziomu glikemii oraz podawania insuliny, poniewa\u017c moje kom\u00f3rki beta trzustki nie s\u0105 w stanie samodzielnie jej wyprodukowa\u0107.<\/p><p>Cukrzyca towarzyszy mi na dobre i na z\u0142e, id\u0105c ze mn\u0105 krok w krok.<\/p><p>Kiedy w wieku 12 lat us\u0142ysza\u0142am diagnoz\u0119, traktowa\u0142am chorob\u0119 jak wyrok. Teraz wiem, \u017ce sta\u0142a si\u0119 dla mnie wyzwaniem. Musia\u0142am si\u0119 z ni\u0105 zaprzyja\u017ani\u0107, zaakceptowa\u0107 k\u0142ucie palca i wbijanie w cia\u0142o ig\u0142y kilka razy dziennie.<\/p><p>W jej towarzystwie sko\u0144czy\u0142am AWF, otar\u0142am si\u0119 o doktorat, w\u0142a\u015bnie o tematyce cukrzycy, pracuj\u0119 jako nauczyciel wychowania fizycznego oraz instruktor fitness, gimnastyki i akrobatyki.<\/p><p>Kiedy\u015b cukrzyca by\u0142a dla mnie powodem do wstydu, teraz mam odwag\u0119 si\u0119 go wyzby\u0107\u00a0 i otwarcie o niej m\u00f3wi\u0107, rozumiem j\u0105 i nauczy\u0142am si\u0119 z ni\u0105 \u017cy\u0107.<\/p><p>Odk\u0105d na \u015bwiecie jest Leo zrozumia\u0142am, \u017ce tak naprawd\u0119 rol\u0119 mamy sprawuj\u0119 ju\u017c od dawna, \u017ce m\u00f3j synek nie jest jedynakiem.<\/p><p>Nie by\u0142am \u015bwiadoma, \u017ce od 12 roku \u017cycia jestem matk\u0105 dla mojego wewn\u0119trznego dziecka \u2013<strong>\u00a0CUKRZYCY<\/strong>.<\/p><p>J\u0105 bowiem jak dziecko trzeba piel\u0119gnowa\u0107, dba\u0107 o ni\u0105, ca\u0142y czas o niej my\u015ble\u0107, dostosowa\u0107 do niej ca\u0142y sw\u00f3j styl \u017cycia i harmonogram dnia, planowa\u0107 co i ile zje\u015b\u0107, kiedy i\u015b\u0107 na spacer, a kiedy lepiej nie podejmowa\u0107 \u017cadnej aktywno\u015bci, czasem ze wzgl\u0119du na szalej\u0105ce poziomy glikemii nie spa\u0107 po nocach, ci\u0105gle kontrolowa\u0107, pilnowa\u0107\u2026<\/p><p>Od czasu kiedy urodzi\u0142 si\u0119 Leo jestem zatem mam\u0105 dw\u00f3jki dzieci. To starsze ma ju\u017c sko\u0144czone 24 lata wi\u0119c naturalnym jest, \u017ce czasem moja uwaga bardziej skupiona jest na tym m\u0142odszym, a temu starszemu daj\u0119 woln\u0105 r\u0119k\u0119, a ono \u017cyje swoim w\u0142asnym \u017cyciem. Nie zawsze w zgodzie ze mn\u0105, czasem robi mi na przek\u00f3r nie bacz\u0105c, \u017ce sprawia mi tym przykro\u015b\u0107, \u017ce ma\u0142ymi krokami wp\u0119dza mnie do grobu, ale wybaczam jej.<\/p><p><em><strong>BO KA\u017bDA MATKA KOCHA SWOJE DZIECI\u2026 <\/strong><\/em><\/p><p><strong><em>CHC\u0118 WI\u0118C BY\u0106 JEJ NAJLEPSZ\u0104\u00a0WERSJ\u0104<\/em>.<\/strong><\/p>\t\t\t\t\t\t<\/div>\n\t\t\t\t<\/div>\n\t\t\t\t\t<\/div>\n\t\t<\/div>\n\t\t\t\t<div class=\"jet-sticky-column elementor-column elementor-col-50 elementor-top-column elementor-element elementor-element-c7a6a84\" data-jet-settings=\"{&quot;id&quot;:&quot;c7a6a84&quot;,&quot;sticky&quot;:true,&quot;topSpacing&quot;:50,&quot;bottomSpacing&quot;:50,&quot;stickyOn&quot;:[&quot;desktop&quot;,&quot;tablet&quot;]}\" data-id=\"c7a6a84\" data-element_type=\"column\">\n\t\t\t<div class=\"elementor-widget-wrap elementor-element-populated\">\n\t\t\t\t\t\t\t\t<div class=\"elementor-element elementor-element-1769de0 elementor-widget elementor-widget-image\" data-id=\"1769de0\" data-element_type=\"widget\" data-widget_type=\"image.default\">\n\t\t\t\t<div class=\"elementor-widget-container\">\n\t\t\t\t\t\t\t\t\t\t\t\t\t\t\t<img loading=\"lazy\" decoding=\"async\" width=\"1254\" height=\"1627\" src=\"https:\/\/diabmom.com\/wp-content\/uploads\/2022\/11\/Picsart_22-11-14_14-01-14-262.jpg\" class=\"attachment-full size-full wp-image-1481\" alt=\"\" srcset=\"https:\/\/diabmom.com\/wp-content\/uploads\/2022\/11\/Picsart_22-11-14_14-01-14-262.jpg 1254w, https:\/\/diabmom.com\/wp-content\/uploads\/2022\/11\/Picsart_22-11-14_14-01-14-262-231x300.jpg 231w, https:\/\/diabmom.com\/wp-content\/uploads\/2022\/11\/Picsart_22-11-14_14-01-14-262-789x1024.jpg 789w, https:\/\/diabmom.com\/wp-content\/uploads\/2022\/11\/Picsart_22-11-14_14-01-14-262-768x996.jpg 768w, https:\/\/diabmom.com\/wp-content\/uploads\/2022\/11\/Picsart_22-11-14_14-01-14-262-1184x1536.jpg 1184w, https:\/\/diabmom.com\/wp-content\/uploads\/2022\/11\/Picsart_22-11-14_14-01-14-262-9x12.jpg 9w, https:\/\/diabmom.com\/wp-content\/uploads\/2022\/11\/Picsart_22-11-14_14-01-14-262-600x778.jpg 600w\" sizes=\"auto, (max-width: 1254px) 100vw, 1254px\" \/>\t\t\t\t\t\t\t\t\t\t\t\t\t\t\t<\/div>\n\t\t\t\t<\/div>\n\t\t\t\t\t<\/div>\n\t\t<\/div>\n\t\t\t\t\t\t\t<\/div>\n\t\t<\/section>\n\t\t\t\t<section class=\"elementor-section elementor-top-section elementor-element elementor-element-b80ae21 elementor-reverse-tablet elementor-reverse-mobile elementor-section-boxed elementor-section-height-default elementor-section-height-default\" data-id=\"b80ae21\" data-element_type=\"section\">\n\t\t\t\t\t\t<div class=\"elementor-container elementor-column-gap-default\">\n\t\t\t\t\t<div class=\"jet-sticky-column elementor-column elementor-col-50 elementor-top-column elementor-element elementor-element-f8e6405\" data-jet-settings=\"{&quot;id&quot;:&quot;f8e6405&quot;,&quot;sticky&quot;:true,&quot;topSpacing&quot;:50,&quot;bottomSpacing&quot;:50,&quot;stickyOn&quot;:[&quot;desktop&quot;,&quot;tablet&quot;]}\" data-id=\"f8e6405\" data-element_type=\"column\">\n\t\t\t<div class=\"elementor-widget-wrap elementor-element-populated\">\n\t\t\t\t\t\t\t\t<div class=\"elementor-element elementor-element-177de3e elementor-widget elementor-widget-image\" data-id=\"177de3e\" data-element_type=\"widget\" data-widget_type=\"image.default\">\n\t\t\t\t<div class=\"elementor-widget-container\">\n\t\t\t\t\t\t\t\t\t\t\t\t\t\t\t<img loading=\"lazy\" decoding=\"async\" width=\"1058\" height=\"1391\" src=\"https:\/\/diabmom.com\/wp-content\/uploads\/2022\/11\/PicsArt_10-07-09.43.562.jpg\" class=\"attachment-full size-full wp-image-1482\" alt=\"\" srcset=\"https:\/\/diabmom.com\/wp-content\/uploads\/2022\/11\/PicsArt_10-07-09.43.562.jpg 1058w, https:\/\/diabmom.com\/wp-content\/uploads\/2022\/11\/PicsArt_10-07-09.43.562-228x300.jpg 228w, https:\/\/diabmom.com\/wp-content\/uploads\/2022\/11\/PicsArt_10-07-09.43.562-779x1024.jpg 779w, https:\/\/diabmom.com\/wp-content\/uploads\/2022\/11\/PicsArt_10-07-09.43.562-768x1010.jpg 768w, https:\/\/diabmom.com\/wp-content\/uploads\/2022\/11\/PicsArt_10-07-09.43.562-9x12.jpg 9w, https:\/\/diabmom.com\/wp-content\/uploads\/2022\/11\/PicsArt_10-07-09.43.562-600x789.jpg 600w\" sizes=\"auto, (max-width: 1058px) 100vw, 1058px\" \/>\t\t\t\t\t\t\t\t\t\t\t\t\t\t\t<\/div>\n\t\t\t\t<\/div>\n\t\t\t\t\t<\/div>\n\t\t<\/div>\n\t\t\t\t<div class=\"elementor-column elementor-col-50 elementor-top-column elementor-element elementor-element-a72d66f\" data-id=\"a72d66f\" data-element_type=\"column\">\n\t\t\t<div class=\"elementor-widget-wrap elementor-element-populated\">\n\t\t\t\t\t\t\t\t<div class=\"elementor-element elementor-element-ced69da elementor-widget elementor-widget-heading\" data-id=\"ced69da\" data-element_type=\"widget\" data-widget_type=\"heading.default\">\n\t\t\t\t<div class=\"elementor-widget-container\">\n\t\t\t<h2 class=\"elementor-heading-title elementor-size-default\">Moja misja<\/h2>\t\t<\/div>\n\t\t\t\t<\/div>\n\t\t\t\t<div class=\"elementor-element elementor-element-1ce5c2e elementor-widget elementor-widget-text-editor\" data-id=\"1ce5c2e\" data-element_type=\"widget\" data-widget_type=\"text-editor.default\">\n\t\t\t\t<div class=\"elementor-widget-container\">\n\t\t\t\t\t\t\t<p><em><strong>CUKRZYCA<\/strong> jest walk\u0105, jest si\u0142\u0105, jest matk\u0105.<\/em><\/p><p><em><strong>CUKRZYCA<\/strong> jest kobiet\u0105.<\/em><\/p><p><em><strong>CUKRZYCA<\/strong> \u2013 to<strong> JA!<\/strong><\/em><\/p><p>Wraz z momentem pojawienia si\u0119 na \u015bwiecie mojego synka, to dzi\u0119ki cukrzycy zacz\u0119\u0142am wspiera\u0107 i edukowa\u0107 S\u0142odkie Mamy oraz ci\u0119\u017carne z cukrzyc\u0105.<\/p><p>Realizuj\u0119 swoje pasje jako konferansjer, organizuj\u0119 edukacyjne eventy dla diabetyczek, S\u0142odkie Spotkania zrzeszaj\u0105ce kobiety, warsztaty edukacyjne dla ci\u0119\u017carnych i mam.<\/p><p>Stworzy\u0142am ubrania dla diabetyk\u00f3w, kobiet w ci\u0105\u017cy oraz mam karmi\u0105cych piersi\u0105.<\/p><p>Na moich mediach spo\u0142eczno\u015bciowych staram si\u0119 przekazywa\u0107 jak najwi\u0119cej pozytywnej energii, zara\u017ca\u0107 optymizmem, dzieli\u0107 si\u0119 swoim do\u015bwiadczeniem, edukowa\u0107 w zakresie planowania, po\u0142ogu, macierzy\u0144stwa oraz ci\u0105\u017cy w cukrzycy i cukrzycy ci\u0105\u017cowej, uczy\u0107 samoakceptacji, bo przecie\u017c cukrzyca to nie defekt a &#8220;s\u0142odki&#8221; dodatek do naszego \u017cycia.<\/p><p>Wierz\u0119, \u017ce ka\u017cdy diabetyk jest w stanie oswoi\u0107 si\u0119 z przewlek\u0142\u0105 chorob\u0105, zaakceptowa\u0107 i polubi\u0107 siebie oraz \u017cy\u0107 pe\u0142ni\u0105 \u017cycia w zgodzie z cukrzyc\u0105.<\/p><p>Pragn\u0119, aby\u015b poczu\u0142a si\u0119 wyj\u0105tkowo jako kobieta, matka, osoba zmagaj\u0105ca si\u0119 z chorob\u0105.<\/p><p>Pragn\u0119, aby\u015b zaakceptowa\u0142a siebie ze wszystkimi swoimi przywarami i niedoskona\u0142o\u015bciami.<\/p><p>Pragn\u0119, aby\u015b z dnia na dzie\u0144 by\u0142a coraz silniejsza, zdeterminowana, waleczna a jednocze\u015bnie czu\u0142a si\u0119 zaopiekowana i spokojna.<\/p><p>Nie sprawi\u0119, \u017ce wyzdrowiejesz, nie wychowam r\u00f3wnie\u017c za Ciebie Twojego dziecka, ale otul\u0119 Ci\u0119, zaopiekuj\u0119 si\u0119 Tob\u0105 i pozwol\u0119 Ci na to, aby\u015b w moich ubraniach czu\u0142a si\u0119 bezpieczna, pi\u0119kna i wyj\u0105tkowa.<\/p><p>Niech ka\u017cdy dzie\u0144 b\u0119dzie dla Ciebie warto\u015bci\u0105 sam\u0105 w sobie. Traktuj go z wdzi\u0119czno\u015bci\u0105. Doceniaj siebie. Kochaj siebie\u2026<\/p><p><em><strong>Daj sobie komfort noszenia \u2013 ubierz si\u0119 w\u00a0pewno\u015b\u0107\u00a0siebie!<\/strong><\/em><\/p><p><strong>\u00a0<\/strong><\/p><p><strong>\u00a0<\/strong><\/p>\t\t\t\t\t\t<\/div>\n\t\t\t\t<\/div>\n\t\t\t\t\t<\/div>\n\t\t<\/div>\n\t\t\t\t\t\t\t<\/div>\n\t\t<\/section>\n\t\t\t\t<section class=\"elementor-section elementor-top-section elementor-element elementor-element-38dd7e2 elementor-section-boxed elementor-section-height-default elementor-section-height-default\" data-id=\"38dd7e2\" data-element_type=\"section\">\n\t\t\t\t\t\t<div class=\"elementor-container elementor-column-gap-default\">\n\t\t\t\t\t<div class=\"elementor-column elementor-col-100 elementor-top-column elementor-element elementor-element-5e7e8ff\" data-id=\"5e7e8ff\" data-element_type=\"column\">\n\t\t\t<div class=\"elementor-widget-wrap elementor-element-populated\">\n\t\t\t\t\t\t\t\t<div class=\"elementor-element elementor-element-c55963f elementor-widget elementor-widget-heading\" data-id=\"c55963f\" data-element_type=\"widget\" data-widget_type=\"heading.default\">\n\t\t\t\t<div class=\"elementor-widget-container\">\n\t\t\t<h2 class=\"elementor-heading-title elementor-size-default\">Skontaktuj si\u0119 z diab MOM! <\/h2>\t\t<\/div>\n\t\t\t\t<\/div>\n\t\t\t\t<div class=\"elementor-element elementor-element-cfa9fc3 elementor-align-center elementor-widget__width-initial elementor-widget elementor-widget-button\" data-id=\"cfa9fc3\" data-element_type=\"widget\" data-widget_type=\"button.default\">\n\t\t\t\t<div class=\"elementor-widget-container\">\n\t\t\t\t\t<div class=\"elementor-button-wrapper\">\n\t\t\t<a class=\"elementor-button elementor-button-link elementor-size-sm\" href=\"mailto:diabmom.kontakt@gmail.com\">\n\t\t\t\t\t\t<span class=\"elementor-button-content-wrapper\">\n\t\t\t\t\t\t<span class=\"elementor-button-text\">kontakt<\/span>\n\t\t<\/span>\n\t\t\t\t\t<\/a>\n\t\t<\/div>\n\t\t\t\t<\/div>\n\t\t\t\t<\/div>\n\t\t\t\t\t<\/div>\n\t\t<\/div>\n\t\t\t\t\t\t\t<\/div>\n\t\t<\/section>\n\t\t\t\t<section class=\"elementor-section elementor-top-section elementor-element elementor-element-a1de284 elementor-section-boxed elementor-section-height-default elementor-section-height-default\" data-id=\"a1de284\" data-element_type=\"section\">\n\t\t\t\t\t\t<div class=\"elementor-container elementor-column-gap-default\">\n\t\t\t\t\t<div class=\"elementor-column elementor-col-100 elementor-top-column elementor-element elementor-element-334b38b\" data-id=\"334b38b\" data-element_type=\"column\">\n\t\t\t<div class=\"elementor-widget-wrap\">\n\t\t\t\t\t\t\t\t\t<\/div>\n\t\t<\/div>\n\t\t\t\t\t\t\t<\/div>\n\t\t<\/section>\n\t\t\t\t\t\t\t<\/div>","protected":false},"excerpt":{"rendered":"<p>O mnie Nazywam si\u0119 Anna Jastrz\u0119bska. Na co dzie\u0144 jestem aktywn\u0105 zawodowo \u017con\u0105 i mam\u0105. Od grudnia 1998 roku w moim \u017cyciu obecna jest cukrzyca typu 1, autoimmunologiczna przewlek\u0142a choroba, kt\u00f3ra charakteryzuje si\u0119 konieczno\u015bci\u0105 mierzenia poziomu glikemii oraz podawania insuliny, poniewa\u017c moje kom\u00f3rki beta trzustki nie s\u0105 w stanie samodzielnie jej wyprodukowa\u0107. Cukrzyca towarzyszy mi [&hellip;]<\/p>","protected":false},"author":1,"featured_media":0,"parent":0,"menu_order":0,"comment_status":"closed","ping_status":"closed","template":"","meta":{"inline_featured_image":false,"footnotes":""},"class_list":["post-31","page","type-page","status-publish","hentry"],"acf":[],"_links":{"self":[{"href":"https:\/\/diabmom.com\/en\/wp-json\/wp\/v2\/pages\/31","targetHints":{"allow":["GET"]}}],"collection":[{"href":"https:\/\/diabmom.com\/en\/wp-json\/wp\/v2\/pages"}],"about":[{"href":"https:\/\/diabmom.com\/en\/wp-json\/wp\/v2\/types\/page"}],"author":[{"embeddable":true,"href":"https:\/\/diabmom.com\/en\/wp-json\/wp\/v2\/users\/1"}],"replies":[{"embeddable":true,"href":"https:\/\/diabmom.com\/en\/wp-json\/wp\/v2\/comments?post=31"}],"version-history":[{"count":152,"href":"https:\/\/diabmom.com\/en\/wp-json\/wp\/v2\/pages\/31\/revisions"}],"predecessor-version":[{"id":1903,"href":"https:\/\/diabmom.com\/en\/wp-json\/wp\/v2\/pages\/31\/revisions\/1903"}],"wp:attachment":[{"href":"https:\/\/diabmom.com\/en\/wp-json\/wp\/v2\/media?parent=31"}],"curies":[{"name":"wp","href":"https:\/\/api.w.org\/{rel}","templated":true}]}}