{"id":29,"date":"2022-09-14T16:16:46","date_gmt":"2022-09-14T16:16:46","guid":{"rendered":"http:\/\/diabmom.com\/?page_id=29"},"modified":"2023-03-02T17:41:26","modified_gmt":"2023-03-02T17:41:26","slug":"wspolpraca","status":"publish","type":"page","link":"https:\/\/diabmom.com\/en\/wspolpraca\/","title":{"rendered":"Wsp\u00f3\u0142praca"},"content":{"rendered":"<div data-elementor-type=\"wp-page\" data-elementor-id=\"29\" class=\"elementor elementor-29\">\n\t\t\t\t\t\t\t\t\t<section class=\"elementor-section elementor-top-section elementor-element elementor-element-4f3879f elementor-section-boxed elementor-section-height-default elementor-section-height-default\" data-id=\"4f3879f\" data-element_type=\"section\">\n\t\t\t\t\t\t<div class=\"elementor-container elementor-column-gap-default\">\n\t\t\t\t\t<div class=\"elementor-column elementor-col-100 elementor-top-column elementor-element elementor-element-df3113b\" data-id=\"df3113b\" data-element_type=\"column\">\n\t\t\t<div class=\"elementor-widget-wrap elementor-element-populated\">\n\t\t\t\t\t\t\t\t<div class=\"elementor-element elementor-element-77d3f9c elementor-widget elementor-widget-heading\" data-id=\"77d3f9c\" data-element_type=\"widget\" data-widget_type=\"heading.default\">\n\t\t\t\t<div class=\"elementor-widget-container\">\n\t\t\t<style>\/*! elementor - v3.15.0 - 20-08-2023 *\/\n.elementor-heading-title{padding:0;margin:0;line-height:1}.elementor-widget-heading .elementor-heading-title[class*=elementor-size-]>a{color:inherit;font-size:inherit;line-height:inherit}.elementor-widget-heading .elementor-heading-title.elementor-size-small{font-size:15px}.elementor-widget-heading .elementor-heading-title.elementor-size-medium{font-size:19px}.elementor-widget-heading .elementor-heading-title.elementor-size-large{font-size:29px}.elementor-widget-heading .elementor-heading-title.elementor-size-xl{font-size:39px}.elementor-widget-heading .elementor-heading-title.elementor-size-xxl{font-size:59px}<\/style><h2 class=\"elementor-heading-title elementor-size-default\">Wsp\u00f3\u0142praca<\/h2>\t\t<\/div>\n\t\t\t\t<\/div>\n\t\t\t\t<div class=\"elementor-element elementor-element-6a73458 elementor-widget elementor-widget-text-editor\" data-id=\"6a73458\" data-element_type=\"widget\" data-widget_type=\"text-editor.default\">\n\t\t\t\t<div class=\"elementor-widget-container\">\n\t\t\t<style>\/*! elementor - v3.15.0 - 20-08-2023 *\/\n.elementor-widget-text-editor.elementor-drop-cap-view-stacked .elementor-drop-cap{background-color:#69727d;color:#fff}.elementor-widget-text-editor.elementor-drop-cap-view-framed .elementor-drop-cap{color:#69727d;border:3px solid;background-color:transparent}.elementor-widget-text-editor:not(.elementor-drop-cap-view-default) .elementor-drop-cap{margin-top:8px}.elementor-widget-text-editor:not(.elementor-drop-cap-view-default) .elementor-drop-cap-letter{width:1em;height:1em}.elementor-widget-text-editor .elementor-drop-cap{float:left;text-align:center;line-height:1;font-size:50px}.elementor-widget-text-editor .elementor-drop-cap-letter{display:inline-block}<\/style>\t\t\t\t\t\t\t\t\t\t<\/div>\n\t\t\t\t<\/div>\n\t\t\t\t<div class=\"elementor-element elementor-element-9e1c76d elementor-widget elementor-widget-text-editor\" data-id=\"9e1c76d\" data-element_type=\"widget\" data-widget_type=\"text-editor.default\">\n\t\t\t\t<div class=\"elementor-widget-container\">\n\t\t\t\t\t\t\t\t\t\t\t\t\t<\/div>\n\t\t\t\t<\/div>\n\t\t\t\t<div class=\"elementor-element elementor-element-9902b4f elementor-widget elementor-widget-text-editor\" data-id=\"9902b4f\" data-element_type=\"widget\" data-widget_type=\"text-editor.default\">\n\t\t\t\t<div class=\"elementor-widget-container\">\n\t\t\t\t\t\t\t<p dir=\"auto\">Ch\u0119tnie wsp\u00f3\u0142pracuj\u0119 z lud\u017ami, kt\u00f3rzy podzielaj\u0105 moje warto\u015bci.<\/p><p dir=\"auto\"><span style=\"color: var( --e-global-color-text );\">Chc\u0119 dzieli\u0107 si\u0119 swoimi do\u015bwiadczeniami i mo\u017cliwo\u015bci\u0105 rozwoju z organizacjami, markami i osobami, kt\u00f3re krocz\u0105 w tym samym kierunku co ja.<\/span><\/p><div dir=\"auto\"><p>Wierz\u0119, \u017ce najlepsza wersja przysz\u0142o\u015bci to ta, w kt\u00f3rej zawsze mo\u017cemy prowadzi\u0107 ze sob\u0105 dialog i razem wzbogaca\u0107 si\u0119 we wsp\u00f3lnej drodze rozwoju.<\/p><\/div>\t\t\t\t\t\t<\/div>\n\t\t\t\t<\/div>\n\t\t\t\t<div class=\"elementor-element elementor-element-668cf4d elementor-align-center elementor-widget__width-initial elementor-widget elementor-widget-button\" data-id=\"668cf4d\" data-element_type=\"widget\" data-widget_type=\"button.default\">\n\t\t\t\t<div class=\"elementor-widget-container\">\n\t\t\t\t\t<div class=\"elementor-button-wrapper\">\n\t\t\t<a class=\"elementor-button elementor-button-link elementor-size-sm\" href=\"mailto:diabmom.kontakt@gmail.com\">\n\t\t\t\t\t\t<span class=\"elementor-button-content-wrapper\">\n\t\t\t\t\t\t<span class=\"elementor-button-text\">kontakt<\/span>\n\t\t<\/span>\n\t\t\t\t\t<\/a>\n\t\t<\/div>\n\t\t\t\t<\/div>\n\t\t\t\t<\/div>\n\t\t\t\t\t<\/div>\n\t\t<\/div>\n\t\t\t\t\t\t\t<\/div>\n\t\t<\/section>\n\t\t\t\t\t\t\t<\/div>","protected":false},"excerpt":{"rendered":"<p>Wsp\u00f3\u0142praca Ch\u0119tnie wsp\u00f3\u0142pracuj\u0119 z lud\u017ami, kt\u00f3rzy podzielaj\u0105 moje warto\u015bci. Chc\u0119 dzieli\u0107 si\u0119 swoimi do\u015bwiadczeniami i mo\u017cliwo\u015bci\u0105 rozwoju z organizacjami, markami i osobami, kt\u00f3re krocz\u0105 w tym samym kierunku co ja. Wierz\u0119, \u017ce najlepsza wersja przysz\u0142o\u015bci to ta, w kt\u00f3rej zawsze mo\u017cemy prowadzi\u0107 ze sob\u0105 dialog i razem wzbogaca\u0107 si\u0119 we wsp\u00f3lnej drodze rozwoju. kontakt<\/p>","protected":false},"author":1,"featured_media":0,"parent":0,"menu_order":0,"comment_status":"closed","ping_status":"closed","template":"","meta":{"inline_featured_image":false,"footnotes":""},"class_list":["post-29","page","type-page","status-publish","hentry"],"acf":[],"_links":{"self":[{"href":"https:\/\/diabmom.com\/en\/wp-json\/wp\/v2\/pages\/29","targetHints":{"allow":["GET"]}}],"collection":[{"href":"https:\/\/diabmom.com\/en\/wp-json\/wp\/v2\/pages"}],"about":[{"href":"https:\/\/diabmom.com\/en\/wp-json\/wp\/v2\/types\/page"}],"author":[{"embeddable":true,"href":"https:\/\/diabmom.com\/en\/wp-json\/wp\/v2\/users\/1"}],"replies":[{"embeddable":true,"href":"https:\/\/diabmom.com\/en\/wp-json\/wp\/v2\/comments?post=29"}],"version-history":[{"count":125,"href":"https:\/\/diabmom.com\/en\/wp-json\/wp\/v2\/pages\/29\/revisions"}],"predecessor-version":[{"id":1821,"href":"https:\/\/diabmom.com\/en\/wp-json\/wp\/v2\/pages\/29\/revisions\/1821"}],"wp:attachment":[{"href":"https:\/\/diabmom.com\/en\/wp-json\/wp\/v2\/media?parent=29"}],"curies":[{"name":"wp","href":"https:\/\/api.w.org\/{rel}","templated":true}]}}