{"id":1035,"date":"2022-10-29T10:28:30","date_gmt":"2022-10-29T10:28:30","guid":{"rendered":"https:\/\/diabmom.com\/?page_id=1035"},"modified":"2023-05-04T13:21:16","modified_gmt":"2023-05-04T13:21:16","slug":"dostawa","status":"publish","type":"page","link":"https:\/\/diabmom.com\/en\/dostawa\/","title":{"rendered":"Dostawa"},"content":{"rendered":"<div data-elementor-type=\"wp-page\" data-elementor-id=\"1035\" class=\"elementor elementor-1035\">\n\t\t\t\t\t\t\t\t\t<section class=\"elementor-section elementor-top-section elementor-element elementor-element-46f1208 elementor-section-boxed elementor-section-height-default elementor-section-height-default\" data-id=\"46f1208\" data-element_type=\"section\">\n\t\t\t\t\t\t<div class=\"elementor-container elementor-column-gap-default\">\n\t\t\t\t\t<div class=\"elementor-column elementor-col-100 elementor-top-column elementor-element elementor-element-e930059\" data-id=\"e930059\" data-element_type=\"column\">\n\t\t\t<div class=\"elementor-widget-wrap elementor-element-populated\">\n\t\t\t\t\t\t\t\t<div class=\"elementor-element elementor-element-5dcefbd elementor-widget elementor-widget-image\" data-id=\"5dcefbd\" data-element_type=\"widget\" data-widget_type=\"image.default\">\n\t\t\t\t<div class=\"elementor-widget-container\">\n\t\t\t<style>\/*! elementor - v3.15.0 - 20-08-2023 *\/\n.elementor-widget-image{text-align:center}.elementor-widget-image a{display:inline-block}.elementor-widget-image a img[src$=\".svg\"]{width:48px}.elementor-widget-image img{vertical-align:middle;display:inline-block}<\/style>\t\t\t\t\t\t\t\t\t\t\t\t<img loading=\"lazy\" decoding=\"async\" width=\"100\" height=\"100\" src=\"https:\/\/diabmom.com\/wp-content\/uploads\/2022\/09\/Diab-Mom-logo-kolorowe-raster-highres-100x100.png\" class=\"attachment-woocommerce_gallery_thumbnail size-woocommerce_gallery_thumbnail wp-image-1135\" alt=\"\" srcset=\"https:\/\/diabmom.com\/wp-content\/uploads\/2022\/09\/Diab-Mom-logo-kolorowe-raster-highres-100x100.png 100w, https:\/\/diabmom.com\/wp-content\/uploads\/2022\/09\/Diab-Mom-logo-kolorowe-raster-highres-150x150.png 150w, https:\/\/diabmom.com\/wp-content\/uploads\/2022\/09\/Diab-Mom-logo-kolorowe-raster-highres-300x300.png 300w, https:\/\/diabmom.com\/wp-content\/uploads\/2022\/09\/Diab-Mom-logo-kolorowe-raster-highres-50x50.png 50w\" sizes=\"auto, (max-width: 100px) 100vw, 100px\" \/>\t\t\t\t\t\t\t\t\t\t\t\t\t\t\t<\/div>\n\t\t\t\t<\/div>\n\t\t\t\t<div class=\"elementor-element elementor-element-d6ad20f elementor-widget elementor-widget-heading\" data-id=\"d6ad20f\" data-element_type=\"widget\" data-widget_type=\"heading.default\">\n\t\t\t\t<div class=\"elementor-widget-container\">\n\t\t\t<style>\/*! elementor - v3.15.0 - 20-08-2023 *\/\n.elementor-heading-title{padding:0;margin:0;line-height:1}.elementor-widget-heading .elementor-heading-title[class*=elementor-size-]>a{color:inherit;font-size:inherit;line-height:inherit}.elementor-widget-heading .elementor-heading-title.elementor-size-small{font-size:15px}.elementor-widget-heading .elementor-heading-title.elementor-size-medium{font-size:19px}.elementor-widget-heading .elementor-heading-title.elementor-size-large{font-size:29px}.elementor-widget-heading .elementor-heading-title.elementor-size-xl{font-size:39px}.elementor-widget-heading .elementor-heading-title.elementor-size-xxl{font-size:59px}<\/style><h2 class=\"elementor-heading-title elementor-size-default\">Dostawa<\/h2>\t\t<\/div>\n\t\t\t\t<\/div>\n\t\t\t\t<div class=\"elementor-element elementor-element-d633fdd elementor-widget elementor-widget-text-editor\" data-id=\"d633fdd\" data-element_type=\"widget\" data-widget_type=\"text-editor.default\">\n\t\t\t\t<div class=\"elementor-widget-container\">\n\t\t\t<style>\/*! elementor - v3.15.0 - 20-08-2023 *\/\n.elementor-widget-text-editor.elementor-drop-cap-view-stacked .elementor-drop-cap{background-color:#69727d;color:#fff}.elementor-widget-text-editor.elementor-drop-cap-view-framed .elementor-drop-cap{color:#69727d;border:3px solid;background-color:transparent}.elementor-widget-text-editor:not(.elementor-drop-cap-view-default) .elementor-drop-cap{margin-top:8px}.elementor-widget-text-editor:not(.elementor-drop-cap-view-default) .elementor-drop-cap-letter{width:1em;height:1em}.elementor-widget-text-editor .elementor-drop-cap{float:left;text-align:center;line-height:1;font-size:50px}.elementor-widget-text-editor .elementor-drop-cap-letter{display:inline-block}<\/style>\t\t\t\t<p>Termin dostawy: zam\u00f3wienia realizowane s\u0105 do <strong>7 dni roboczych<\/strong>.<\/p><p>W przypadku artyku\u0142\u00f3w pre-order zam\u00f3wienie jest realizowane w terminie<strong> 14 dni roboczych.<\/strong><\/p><p>Czas realizacji zam\u00f3wienia jest liczony od momentu uzyskania pozytywnej autoryzacji p\u0142atno\u015bci.<\/p><p>Dok\u0142adamy wszelkich stara\u0144, aby przesy\u0142ki by\u0142y nadawana od nas jak najszybciej.<\/p><p>\u00a0<\/p>\t\t\t\t\t\t<\/div>\n\t\t\t\t<\/div>\n\t\t\t\t<div class=\"elementor-element elementor-element-3ab101d elementor-widget elementor-widget-heading\" data-id=\"3ab101d\" data-element_type=\"widget\" data-widget_type=\"heading.default\">\n\t\t\t\t<div class=\"elementor-widget-container\">\n\t\t\t<h2 class=\"elementor-heading-title elementor-size-default\">Rodzaje przesy\u0142ek<\/h2>\t\t<\/div>\n\t\t\t\t<\/div>\n\t\t\t\t<div class=\"elementor-element elementor-element-149992e elementor-widget elementor-widget-text-editor\" data-id=\"149992e\" data-element_type=\"widget\" data-widget_type=\"text-editor.default\">\n\t\t\t\t<div class=\"elementor-widget-container\">\n\t\t\t\t\t\t\t<ul><li><em>Przesy\u0142ka kurierska Kurier InPost przedp\u0142acona: <strong>20,00 z\u0142<\/strong><\/em><\/li><li><em>Przesy\u0142ka do paczkomatu InPost przedp\u0142acona:<strong> 17,00 z\u0142<\/strong><\/em><\/li><li><em>Przesy\u0142ka kurierska Kurier DPD przedp\u0142acona: <strong>19,00 z\u0142<\/strong><\/em><\/li><\/ul><p><em><strong>\u00a0<\/strong><\/em><\/p><p><em><strong>\u00a0<\/strong><\/em><\/p>\t\t\t\t\t\t<\/div>\n\t\t\t\t<\/div>\n\t\t\t\t<section class=\"elementor-section elementor-inner-section elementor-element elementor-element-62585eb elementor-section-full_width elementor-section-height-default elementor-section-height-default\" data-id=\"62585eb\" data-element_type=\"section\">\n\t\t\t\t\t\t<div class=\"elementor-container elementor-column-gap-default\">\n\t\t\t\t\t<div class=\"elementor-column elementor-col-10 elementor-inner-column elementor-element elementor-element-f2e3cf7\" data-id=\"f2e3cf7\" data-element_type=\"column\">\n\t\t\t<div class=\"elementor-widget-wrap elementor-element-populated\">\n\t\t\t\t\t\t\t\t<div class=\"elementor-element elementor-element-7022adc elementor-widget elementor-widget-image\" data-id=\"7022adc\" data-element_type=\"widget\" data-widget_type=\"image.default\">\n\t\t\t\t<div class=\"elementor-widget-container\">\n\t\t\t\t\t\t\t\t\t\t\t\t\t\t\t<img loading=\"lazy\" decoding=\"async\" width=\"800\" height=\"611\" src=\"https:\/\/diabmom.com\/wp-content\/uploads\/2022\/09\/inpost-paczkomaty.svg\" class=\"attachment-large size-large wp-image-1027\" alt=\"\" \/>\t\t\t\t\t\t\t\t\t\t\t\t\t\t\t<\/div>\n\t\t\t\t<\/div>\n\t\t\t\t\t<\/div>\n\t\t<\/div>\n\t\t\t\t<div class=\"elementor-column elementor-col-10 elementor-inner-column elementor-element elementor-element-4fa4cf9\" data-id=\"4fa4cf9\" data-element_type=\"column\">\n\t\t\t<div class=\"elementor-widget-wrap elementor-element-populated\">\n\t\t\t\t\t\t\t\t<div class=\"elementor-element elementor-element-79a41e8 elementor-widget elementor-widget-image\" data-id=\"79a41e8\" data-element_type=\"widget\" data-widget_type=\"image.default\">\n\t\t\t\t<div class=\"elementor-widget-container\">\n\t\t\t\t\t\t\t\t\t\t\t\t\t\t\t<img loading=\"lazy\" decoding=\"async\" width=\"800\" height=\"611\" src=\"https:\/\/diabmom.com\/wp-content\/uploads\/2022\/09\/inpost-kurier.svg\" class=\"attachment-large size-large wp-image-1026\" alt=\"\" \/>\t\t\t\t\t\t\t\t\t\t\t\t\t\t\t<\/div>\n\t\t\t\t<\/div>\n\t\t\t\t\t<\/div>\n\t\t<\/div>\n\t\t\t\t<div class=\"elementor-column elementor-col-10 elementor-inner-column elementor-element elementor-element-60dbc4a\" data-id=\"60dbc4a\" data-element_type=\"column\">\n\t\t\t<div class=\"elementor-widget-wrap elementor-element-populated\">\n\t\t\t\t\t\t\t\t<div class=\"elementor-element elementor-element-0471a23 elementor-widget elementor-widget-image\" data-id=\"0471a23\" data-element_type=\"widget\" data-widget_type=\"image.default\">\n\t\t\t\t<div class=\"elementor-widget-container\">\n\t\t\t\t\t\t\t\t\t\t\t\t\t\t\t<img loading=\"lazy\" decoding=\"async\" width=\"120\" height=\"51\" src=\"https:\/\/diabmom.com\/wp-content\/uploads\/2022\/09\/DPD_logo_2015.png\" class=\"attachment-large size-large wp-image-1025\" alt=\"\" \/>\t\t\t\t\t\t\t\t\t\t\t\t\t\t\t<\/div>\n\t\t\t\t<\/div>\n\t\t\t\t\t<\/div>\n\t\t<\/div>\n\t\t\t\t<div class=\"elementor-column elementor-col-10 elementor-inner-column elementor-element elementor-element-681f4a4\" data-id=\"681f4a4\" data-element_type=\"column\">\n\t\t\t<div class=\"elementor-widget-wrap\">\n\t\t\t\t\t\t\t\t\t<\/div>\n\t\t<\/div>\n\t\t\t\t<div class=\"elementor-column elementor-col-10 elementor-inner-column elementor-element elementor-element-6c63586\" data-id=\"6c63586\" data-element_type=\"column\">\n\t\t\t<div class=\"elementor-widget-wrap\">\n\t\t\t\t\t\t\t\t\t<\/div>\n\t\t<\/div>\n\t\t\t\t<div class=\"elementor-column elementor-col-10 elementor-inner-column elementor-element elementor-element-05a6599\" data-id=\"05a6599\" data-element_type=\"column\">\n\t\t\t<div class=\"elementor-widget-wrap\">\n\t\t\t\t\t\t\t\t\t<\/div>\n\t\t<\/div>\n\t\t\t\t<div class=\"elementor-column elementor-col-10 elementor-inner-column elementor-element elementor-element-3e2cfcb\" data-id=\"3e2cfcb\" data-element_type=\"column\">\n\t\t\t<div class=\"elementor-widget-wrap\">\n\t\t\t\t\t\t\t\t\t<\/div>\n\t\t<\/div>\n\t\t\t\t<div class=\"elementor-column elementor-col-10 elementor-inner-column elementor-element elementor-element-1369dbc\" data-id=\"1369dbc\" data-element_type=\"column\">\n\t\t\t<div class=\"elementor-widget-wrap\">\n\t\t\t\t\t\t\t\t\t<\/div>\n\t\t<\/div>\n\t\t\t\t<div class=\"elementor-column elementor-col-10 elementor-inner-column elementor-element elementor-element-2be2a95\" data-id=\"2be2a95\" data-element_type=\"column\">\n\t\t\t<div class=\"elementor-widget-wrap\">\n\t\t\t\t\t\t\t\t\t<\/div>\n\t\t<\/div>\n\t\t\t\t<div class=\"elementor-column elementor-col-10 elementor-inner-column elementor-element elementor-element-36fc41f\" data-id=\"36fc41f\" data-element_type=\"column\">\n\t\t\t<div class=\"elementor-widget-wrap\">\n\t\t\t\t\t\t\t\t\t<\/div>\n\t\t<\/div>\n\t\t\t\t\t\t\t<\/div>\n\t\t<\/section>\n\t\t\t\t\t<\/div>\n\t\t<\/div>\n\t\t\t\t\t\t\t<\/div>\n\t\t<\/section>\n\t\t\t\t<section class=\"elementor-section elementor-top-section elementor-element elementor-element-e849309 elementor-section-boxed elementor-section-height-default elementor-section-height-default\" data-id=\"e849309\" data-element_type=\"section\">\n\t\t\t\t\t\t<div class=\"elementor-container elementor-column-gap-default\">\n\t\t\t\t\t<div class=\"elementor-column elementor-col-100 elementor-top-column elementor-element elementor-element-a3c490d\" data-id=\"a3c490d\" data-element_type=\"column\">\n\t\t\t<div class=\"elementor-widget-wrap\">\n\t\t\t\t\t\t\t\t\t<\/div>\n\t\t<\/div>\n\t\t\t\t\t\t\t<\/div>\n\t\t<\/section>\n\t\t\t\t\t\t\t<\/div>","protected":false},"excerpt":{"rendered":"<p>Dostawa Termin dostawy: zam\u00f3wienia realizowane s\u0105 do 7 dni roboczych. W przypadku artyku\u0142\u00f3w pre-order zam\u00f3wienie jest realizowane w terminie 14 dni roboczych. Czas realizacji zam\u00f3wienia jest liczony od momentu uzyskania pozytywnej autoryzacji p\u0142atno\u015bci. Dok\u0142adamy wszelkich stara\u0144, aby przesy\u0142ki by\u0142y nadawana od nas jak najszybciej. \u00a0 Rodzaje przesy\u0142ek Przesy\u0142ka kurierska Kurier InPost przedp\u0142acona: 20,00 z\u0142 Przesy\u0142ka [&hellip;]<\/p>","protected":false},"author":1,"featured_media":0,"parent":0,"menu_order":0,"comment_status":"closed","ping_status":"closed","template":"","meta":{"inline_featured_image":false,"footnotes":""},"class_list":["post-1035","page","type-page","status-publish","hentry"],"acf":[],"_links":{"self":[{"href":"https:\/\/diabmom.com\/en\/wp-json\/wp\/v2\/pages\/1035","targetHints":{"allow":["GET"]}}],"collection":[{"href":"https:\/\/diabmom.com\/en\/wp-json\/wp\/v2\/pages"}],"about":[{"href":"https:\/\/diabmom.com\/en\/wp-json\/wp\/v2\/types\/page"}],"author":[{"embeddable":true,"href":"https:\/\/diabmom.com\/en\/wp-json\/wp\/v2\/users\/1"}],"replies":[{"embeddable":true,"href":"https:\/\/diabmom.com\/en\/wp-json\/wp\/v2\/comments?post=1035"}],"version-history":[{"count":37,"href":"https:\/\/diabmom.com\/en\/wp-json\/wp\/v2\/pages\/1035\/revisions"}],"predecessor-version":[{"id":1900,"href":"https:\/\/diabmom.com\/en\/wp-json\/wp\/v2\/pages\/1035\/revisions\/1900"}],"wp:attachment":[{"href":"https:\/\/diabmom.com\/en\/wp-json\/wp\/v2\/media?parent=1035"}],"curies":[{"name":"wp","href":"https:\/\/api.w.org\/{rel}","templated":true}]}}